{"id":36,"date":"2022-06-25T11:26:38","date_gmt":"2022-06-25T09:26:38","guid":{"rendered":"http:\/\/jf-hellertal.de\/?page_id=36"},"modified":"2024-01-24T13:30:07","modified_gmt":"2024-01-24T12:30:07","slug":"standorte","status":"publish","type":"page","link":"https:\/\/jf-hellertal.de\/?page_id=36","title":{"rendered":"Standorte"},"content":{"rendered":"\n<div style=\"height:50px\" aria-hidden=\"true\" class=\"wp-block-spacer\"><\/div>\n\n\n\n<div class=\"wp-block-columns is-layout-flex wp-container-core-columns-is-layout-9d6595d7 wp-block-columns-is-layout-flex\">\n<div class=\"wp-block-column is-layout-flow wp-block-column-is-layout-flow\">\n<h2 class=\"wp-block-heading has-text-align-center\">Feuerwehr Alsdorf<\/h2>\n\n\n\n<p class=\"has-text-align-center has-black-color has-text-color has-medium-font-size\">Das Ger\u00e4tehaus der Feuerwehr Alsdorf dient der Jugendfeuerwehr als Unterbringung und bietet mit seinen Fahrzeugen einen erstklassigen Ausbildungsstandort. Mit dem LF 8\/6 der Feuerwehr Alsdorf lassen sich \u00dcbungen auf Gruppen Ebene realisieren und verschiedenste Techniken der Brandbek\u00e4mpfung trainieren. <br>Der Ger\u00e4tewagen-Unwetter bietet zudem die M\u00f6glichkeit zur Bek\u00e4mpfung von Gefahren welche von Gew\u00e4ssern und Unwettern ausgehen.<\/p>\n\n\n\n<figure class=\"wp-block-image size-large\"><img loading=\"lazy\" decoding=\"async\" width=\"1024\" height=\"576\" src=\"https:\/\/jf-hellertal.de\/wp-content\/uploads\/2022\/10\/2020-08-20-1024x576.jpg\" alt=\"\" class=\"wp-image-112\" srcset=\"https:\/\/jf-hellertal.de\/wp-content\/uploads\/2022\/10\/2020-08-20-1024x576.jpg 1024w, https:\/\/jf-hellertal.de\/wp-content\/uploads\/2022\/10\/2020-08-20-300x169.jpg 300w, https:\/\/jf-hellertal.de\/wp-content\/uploads\/2022\/10\/2020-08-20-768x432.jpg 768w, https:\/\/jf-hellertal.de\/wp-content\/uploads\/2022\/10\/2020-08-20.jpg 1080w\" sizes=\"auto, (max-width: 1024px) 100vw, 1024px\" \/><\/figure>\n<\/div>\n\n\n\n<div class=\"wp-block-column is-layout-flow wp-block-column-is-layout-flow\">\n<h2 class=\"wp-block-heading has-text-align-center\">Feuerwehr Gr\u00fcnebach<\/h2>\n\n\n\n<p class=\"has-text-align-center has-black-color has-text-color has-medium-font-size\">Der Standort und Fuhrpark der Feuerwehr Gr\u00fcnebach bietet ideale Vorrausetzungen f\u00fcr \u00dcbungsabende der Jugendfeuerwehr. Das TSF-W erm\u00f6glicht \u00dcbungen auf Staffel Ebene f\u00fcr die Wasserentnahme aus einem <br>offenen Gew\u00e4sser, Wasserf\u00f6rderung \u00fcber l\u00e4ngere Strecken, einfache technische Hilfeleistungen und die klassische Brandbek\u00e4mpfung. <br>Mit dem MTF der Feuerwehr Gr\u00fcnebach ist zudem der Transport aller Jugendfeuerwehr Mitglieder jederzeit gew\u00e4hrleistet.<\/p>\n\n\n\n<figure class=\"wp-block-image size-full\"><img loading=\"lazy\" decoding=\"async\" width=\"960\" height=\"540\" src=\"https:\/\/jf-hellertal.de\/wp-content\/uploads\/2022\/06\/15156879_1248511618504114_272695230188975899_o.jpg\" alt=\"\" class=\"wp-image-63\" srcset=\"https:\/\/jf-hellertal.de\/wp-content\/uploads\/2022\/06\/15156879_1248511618504114_272695230188975899_o.jpg 960w, https:\/\/jf-hellertal.de\/wp-content\/uploads\/2022\/06\/15156879_1248511618504114_272695230188975899_o-300x169.jpg 300w, https:\/\/jf-hellertal.de\/wp-content\/uploads\/2022\/06\/15156879_1248511618504114_272695230188975899_o-768x432.jpg 768w\" sizes=\"auto, (max-width: 960px) 100vw, 960px\" \/><\/figure>\n<\/div>\n<\/div>\n\n\n\n<p><\/p>\n","protected":false},"excerpt":{"rendered":"<p>Feuerwehr Alsdorf Das Ger\u00e4tehaus der Feuerwehr Alsdorf dient der Jugendfeuerwehr als Unterbringung und bietet mit seinen Fahrzeugen einen erstklassigen Ausbildungsstandort. Mit dem LF 8\/6 der Feuerwehr Alsdorf lassen sich \u00dcbungen auf Gruppen Ebene realisieren und verschiedenste Techniken der Brandbek\u00e4mpfung trainieren. Der Ger\u00e4tewagen-Unwetter bietet zudem die M\u00f6glichkeit zur Bek\u00e4mpfung von Gefahren welche von Gew\u00e4ssern und Unwettern ausgehen. Feuerwehr Gr\u00fcnebach Der Standort und Fuhrpark der Feuerwehr Gr\u00fcnebach bietet ideale Vorrausetzungen f\u00fcr \u00dcbungsabende der Jugendfeuerwehr. Das TSF-W erm\u00f6glicht \u00dcbungen auf Staffel Ebene f\u00fcr die Wasserentnahme aus einem offenen Gew\u00e4sser, Wasserf\u00f6rderung \u00fcber l\u00e4ngere Strecken, einfache technische Hilfeleistungen und die klassische Brandbek\u00e4mpfung. Mit dem MTF der Feuerwehr Gr\u00fcnebach ist zudem der Transport aller Jugendfeuerwehr Mitglieder jederzeit gew\u00e4hrleistet.<\/p>\n","protected":false},"author":1,"featured_media":0,"parent":0,"menu_order":0,"comment_status":"closed","ping_status":"closed","template":"","meta":{"footnotes":""},"class_list":["post-36","page","type-page","status-publish"],"_links":{"self":[{"href":"https:\/\/jf-hellertal.de\/index.php?rest_route=\/wp\/v2\/pages\/36","targetHints":{"allow":["GET"]}}],"collection":[{"href":"https:\/\/jf-hellertal.de\/index.php?rest_route=\/wp\/v2\/pages"}],"about":[{"href":"https:\/\/jf-hellertal.de\/index.php?rest_route=\/wp\/v2\/types\/page"}],"author":[{"embeddable":true,"href":"https:\/\/jf-hellertal.de\/index.php?rest_route=\/wp\/v2\/users\/1"}],"replies":[{"embeddable":true,"href":"https:\/\/jf-hellertal.de\/index.php?rest_route=%2Fwp%2Fv2%2Fcomments&post=36"}],"version-history":[{"count":19,"href":"https:\/\/jf-hellertal.de\/index.php?rest_route=\/wp\/v2\/pages\/36\/revisions"}],"predecessor-version":[{"id":407,"href":"https:\/\/jf-hellertal.de\/index.php?rest_route=\/wp\/v2\/pages\/36\/revisions\/407"}],"wp:attachment":[{"href":"https:\/\/jf-hellertal.de\/index.php?rest_route=%2Fwp%2Fv2%2Fmedia&parent=36"}],"curies":[{"name":"wp","href":"https:\/\/api.w.org\/{rel}","templated":true}]}}